{"id":789,"date":"2024-02-21T14:09:50","date_gmt":"2024-02-21T13:09:50","guid":{"rendered":"https:\/\/virginiapicocoach.com\/?page_id=789"},"modified":"2024-02-21T14:52:48","modified_gmt":"2024-02-21T13:52:48","slug":"blog","status":"publish","type":"page","link":"https:\/\/virginiapicocoach.com\/?page_id=789","title":{"rendered":"Blog"},"content":{"rendered":"\n\t\t\t<div class=\"wp-block-uagb-post-grid uagb-post-grid  uagb-post__image-position-top uagb-post__image-enabled uagb-block-c77e5dd3     uagb-post__items uagb-post__columns-2 is-grid uagb-post__columns-tablet-2 uagb-post__columns-mobile-1 uagb-post__equal-height\" data-total=\"26\" style=\"\">\n\n\t\t\t\t\t\t\t\t\t\t\t\t<article class=\"uagb-post__inner-wrap\">\t\t\t\t\t\t\t\t<div class='uagb-post__image'>\n\t\t\t\t\t\t\t\t\t<a href=\"https:\/\/virginiapicocoach.com\/?p=779\" target=\"_self\" rel=\"bookmark noopener noreferrer\" class='uagb-image-ratio-inherit'><img loading=\"lazy\" decoding=\"async\" width=\"960\" height=\"960\" src=\"https:\/\/virginiapicocoach.com\/wp-content\/uploads\/2020\/04\/manipulacion-emocional-1024x1024.jpg\" class=\"attachment-large size-large\" alt=\"manipulacion emocional\" srcset=\"https:\/\/virginiapicocoach.com\/wp-content\/uploads\/2020\/04\/manipulacion-emocional-1024x1024.jpg 1024w, https:\/\/virginiapicocoach.com\/wp-content\/uploads\/2020\/04\/manipulacion-emocional-300x300.jpg 300w, https:\/\/virginiapicocoach.com\/wp-content\/uploads\/2020\/04\/manipulacion-emocional-150x150.jpg 150w, https:\/\/virginiapicocoach.com\/wp-content\/uploads\/2020\/04\/manipulacion-emocional-768x768.jpg 768w, https:\/\/virginiapicocoach.com\/wp-content\/uploads\/2020\/04\/manipulacion-emocional-75x75.jpg 75w, https:\/\/virginiapicocoach.com\/wp-content\/uploads\/2020\/04\/manipulacion-emocional.jpg 1080w\" sizes=\"auto, (max-width: 960px) 100vw, 960px\" \/>\t\t\t\t\t<\/a>\n\t\t\t\t\t\t\t<\/div>\n\t\t\t\t\t\t<h4 class=\"uagb-post__title uagb-post__text\">\n\t\t\t\t<a href=\"https:\/\/virginiapicocoach.com\/?p=779\" target=\"_self\" rel=\"bookmark noopener noreferrer\">LA MANIPULACI\u00d3N EMOCIONAL<\/a>\n\t\t\t<\/h4>\n\t\t\t\t\t\t<div class='uagb-post__text uagb-post-grid-byline'>\n\t\t\t\t\t\t\t\t<time datetime=\"2024-02-11T19:58:32+01:00\" class=\"uagb-post__date\">\n\t\t\t\t<span class=\"dashicons-calendar dashicons\"><\/span>\t\t\t\t\t11 de febrero de 2024\t\t\t\t<\/time>\n\t\t\t\t\t\t\t<span class=\"uagb-post__comment\">\n\t\t\t\t<span class=\"dashicons-admin-comments dashicons\"><\/span>\t\t\t\t\tNo hay comentarios\t\t\t\t<\/span>\n\t\t\t\t\t\t<\/div>\n\t\t\t\t\t\t\t<div class='uagb-post__text uagb-post__excerpt'>\n\t\t\t\t\t<p>La manipulaci\u00f3n emocional tiene como \u00fanico objetivo obtener la mayor informaci\u00f3n posible del otro porque&#8230;\t\t\t\t<\/div>\n\t\t\t\t\t\t<div class=\"uagb-post__text uagb-post__cta wp-block-button\">\n\t\t\t\t<a class=\"wp-block-button__link uagb-text-link\" style=\"\" href=\"https:\/\/virginiapicocoach.com\/?p=779\" target=\"_self\" rel=\"bookmark noopener noreferrer\">Leer m\u00e1s<\/a>\n\t\t\t<\/div>\n\t\t\t\n\t\t\t\t\t\t\t\t\t<\/article>\n\t\t\t\t\t\t\t\t\t\t\t\t\t\t\t\t<article class=\"uagb-post__inner-wrap\">\t\t\t\t\t\t\t\t<h4 class=\"uagb-post__title uagb-post__text\">\n\t\t\t\t<a href=\"https:\/\/virginiapicocoach.com\/?p=572\" target=\"_self\" rel=\"bookmark noopener noreferrer\">PERFIL DE LAS PERSONAS SEDUCTORAS<\/a>\n\t\t\t<\/h4>\n\t\t\t\t\t\t<div class='uagb-post__text uagb-post-grid-byline'>\n\t\t\t\t\t\t\t\t<time datetime=\"2021-06-16T18:46:30+02:00\" class=\"uagb-post__date\">\n\t\t\t\t<span class=\"dashicons-calendar dashicons\"><\/span>\t\t\t\t\t16 de junio de 2021\t\t\t\t<\/time>\n\t\t\t\t\t\t\t<span class=\"uagb-post__comment\">\n\t\t\t\t<span class=\"dashicons-admin-comments dashicons\"><\/span>\t\t\t\t\tNo hay comentarios\t\t\t\t<\/span>\n\t\t\t\t\t\t<\/div>\n\t\t\t\t\t\t\t<div class='uagb-post__text uagb-post__excerpt'>\n\t\t\t\t\tEs indiscutible que el factor determinante de una persona seductora es su forma de comportarse&#8230;.\t\t\t\t<\/div>\n\t\t\t\t\t\t<div class=\"uagb-post__text uagb-post__cta wp-block-button\">\n\t\t\t\t<a class=\"wp-block-button__link uagb-text-link\" style=\"\" href=\"https:\/\/virginiapicocoach.com\/?p=572\" target=\"_self\" rel=\"bookmark noopener noreferrer\">Leer m\u00e1s<\/a>\n\t\t\t<\/div>\n\t\t\t\n\t\t\t\t\t\t\t\t\t<\/article>\n\t\t\t\t\t\t\t\t\t\t\t\t\t\t\t\t<article class=\"uagb-post__inner-wrap\">\t\t\t\t\t\t\t\t<h4 class=\"uagb-post__title uagb-post__text\">\n\t\t\t\t<a href=\"https:\/\/virginiapicocoach.com\/?p=562\" target=\"_self\" rel=\"bookmark noopener noreferrer\">\u00bfPor qu\u00e9 mis parejas me dejan?<\/a>\n\t\t\t<\/h4>\n\t\t\t\t\t\t<div class='uagb-post__text uagb-post-grid-byline'>\n\t\t\t\t\t\t\t\t<time datetime=\"2021-05-04T17:57:30+02:00\" class=\"uagb-post__date\">\n\t\t\t\t<span class=\"dashicons-calendar dashicons\"><\/span>\t\t\t\t\t4 de mayo de 2021\t\t\t\t<\/time>\n\t\t\t\t\t\t\t<span class=\"uagb-post__comment\">\n\t\t\t\t<span class=\"dashicons-admin-comments dashicons\"><\/span>\t\t\t\t\tNo hay comentarios\t\t\t\t<\/span>\n\t\t\t\t\t\t<\/div>\n\t\t\t\t\t\t\t<div class='uagb-post__text uagb-post__excerpt'>\n\t\t\t\t\t<p>El hecho que tus parejas te dejen o te abandonen es el resultado de tu&#8230;\t\t\t\t<\/div>\n\t\t\t\t\t\t<div class=\"uagb-post__text uagb-post__cta wp-block-button\">\n\t\t\t\t<a class=\"wp-block-button__link uagb-text-link\" style=\"\" href=\"https:\/\/virginiapicocoach.com\/?p=562\" target=\"_self\" rel=\"bookmark noopener noreferrer\">Leer m\u00e1s<\/a>\n\t\t\t<\/div>\n\t\t\t\n\t\t\t\t\t\t\t\t\t<\/article>\n\t\t\t\t\t\t\t\t\t\t\t\t\t\t\t\t<article class=\"uagb-post__inner-wrap\">\t\t\t\t\t\t\t\t<h4 class=\"uagb-post__title uagb-post__text\">\n\t\t\t\t<a href=\"https:\/\/virginiapicocoach.com\/?p=560\" target=\"_self\" rel=\"bookmark noopener noreferrer\">\u00bfCu\u00e1l es tu rol en la relaci\u00f3n?<\/a>\n\t\t\t<\/h4>\n\t\t\t\t\t\t<div class='uagb-post__text uagb-post-grid-byline'>\n\t\t\t\t\t\t\t\t<time datetime=\"2020-09-08T10:03:44+02:00\" class=\"uagb-post__date\">\n\t\t\t\t<span class=\"dashicons-calendar dashicons\"><\/span>\t\t\t\t\t8 de septiembre de 2020\t\t\t\t<\/time>\n\t\t\t\t\t\t\t<span class=\"uagb-post__comment\">\n\t\t\t\t<span class=\"dashicons-admin-comments dashicons\"><\/span>\t\t\t\t\tNo hay comentarios\t\t\t\t<\/span>\n\t\t\t\t\t\t<\/div>\n\t\t\t\t\t\t\t<div class='uagb-post__text uagb-post__excerpt'>\n\t\t\t\t\t<p>\u00bfAlguna vez has pensado por qu\u00e9 atraes a personas similares? \u00bfY te has preguntado por&#8230;\t\t\t\t<\/div>\n\t\t\t\t\t\t<div class=\"uagb-post__text uagb-post__cta wp-block-button\">\n\t\t\t\t<a class=\"wp-block-button__link uagb-text-link\" style=\"\" href=\"https:\/\/virginiapicocoach.com\/?p=560\" target=\"_self\" rel=\"bookmark noopener noreferrer\">Leer m\u00e1s<\/a>\n\t\t\t<\/div>\n\t\t\t\n\t\t\t\t\t\t\t\t\t<\/article>\n\t\t\t\t\t\t\t\t\t\t\t\t\t\t\t\t<article class=\"uagb-post__inner-wrap\">\t\t\t\t\t\t\t\t<h4 class=\"uagb-post__title uagb-post__text\">\n\t\t\t\t<a href=\"https:\/\/virginiapicocoach.com\/?p=554\" target=\"_self\" rel=\"bookmark noopener noreferrer\">DEPENDENCIA AMOROSA INCONSCIENTE<\/a>\n\t\t\t<\/h4>\n\t\t\t\t\t\t<div class='uagb-post__text uagb-post-grid-byline'>\n\t\t\t\t\t\t\t\t<time datetime=\"2019-05-27T18:46:54+02:00\" class=\"uagb-post__date\">\n\t\t\t\t<span class=\"dashicons-calendar dashicons\"><\/span>\t\t\t\t\t27 de mayo de 2019\t\t\t\t<\/time>\n\t\t\t\t\t\t\t<span class=\"uagb-post__comment\">\n\t\t\t\t<span class=\"dashicons-admin-comments dashicons\"><\/span>\t\t\t\t\tNo hay comentarios\t\t\t\t<\/span>\n\t\t\t\t\t\t<\/div>\n\t\t\t\t\t\t\t<div class='uagb-post__text uagb-post__excerpt'>\n\t\t\t\t\t<p>Conocer y conquistar a la persona con quien vivir un amor feliz no es cuesti\u00f3n&#8230;\t\t\t\t<\/div>\n\t\t\t\t\t\t<div class=\"uagb-post__text uagb-post__cta wp-block-button\">\n\t\t\t\t<a class=\"wp-block-button__link uagb-text-link\" style=\"\" href=\"https:\/\/virginiapicocoach.com\/?p=554\" target=\"_self\" rel=\"bookmark noopener noreferrer\">Leer m\u00e1s<\/a>\n\t\t\t<\/div>\n\t\t\t\n\t\t\t\t\t\t\t\t\t<\/article>\n\t\t\t\t\t\t\t\t\t\t\t\t\t\t\t\t<article class=\"uagb-post__inner-wrap\">\t\t\t\t\t\t\t\t<h4 class=\"uagb-post__title uagb-post__text\">\n\t\t\t\t<a href=\"https:\/\/virginiapicocoach.com\/?p=552\" target=\"_self\" rel=\"bookmark noopener noreferrer\">CONFUSIONES AFECTIVAS<\/a>\n\t\t\t<\/h4>\n\t\t\t\t\t\t<div class='uagb-post__text uagb-post-grid-byline'>\n\t\t\t\t\t\t\t\t<time datetime=\"2019-03-15T10:52:08+01:00\" class=\"uagb-post__date\">\n\t\t\t\t<span class=\"dashicons-calendar dashicons\"><\/span>\t\t\t\t\t15 de marzo de 2019\t\t\t\t<\/time>\n\t\t\t\t\t\t\t<span class=\"uagb-post__comment\">\n\t\t\t\t<span class=\"dashicons-admin-comments dashicons\"><\/span>\t\t\t\t\tNo hay comentarios\t\t\t\t<\/span>\n\t\t\t\t\t\t<\/div>\n\t\t\t\t\t\t\t<div class='uagb-post__text uagb-post__excerpt'>\n\t\t\t\t\t<p>La capacidad para disfrutar del amor surge desde el criterio interno que hemos adquirido para&#8230;\t\t\t\t<\/div>\n\t\t\t\t\t\t<div class=\"uagb-post__text uagb-post__cta wp-block-button\">\n\t\t\t\t<a class=\"wp-block-button__link uagb-text-link\" style=\"\" href=\"https:\/\/virginiapicocoach.com\/?p=552\" target=\"_self\" rel=\"bookmark noopener noreferrer\">Leer m\u00e1s<\/a>\n\t\t\t<\/div>\n\t\t\t\n\t\t\t\t\t\t\t\t\t<\/article>\n\t\t\t\t\t\t\t\t\t\t\t\t\t<div class=\"uagb-post-pagination-wrap\">\n\t\t\t\t\t\t<span aria-current=\"page\" class=\"page-numbers current\">1<\/span>\n<a class=\"page-numbers\" href=\"https:\/\/virginiapicocoach.com\/index.php?rest_route=%2Fwp%2Fv2%2Fpages%2F789&#038;paged=2\">2<\/a>\n<a class=\"page-numbers\" href=\"https:\/\/virginiapicocoach.com\/index.php?rest_route=%2Fwp%2Fv2%2Fpages%2F789&#038;paged=3\">3<\/a>\n<a class=\"page-numbers\" href=\"https:\/\/virginiapicocoach.com\/index.php?rest_route=%2Fwp%2Fv2%2Fpages%2F789&#038;paged=4\">4<\/a>\n<a class=\"page-numbers\" href=\"https:\/\/virginiapicocoach.com\/index.php?rest_route=%2Fwp%2Fv2%2Fpages%2F789&#038;paged=5\">5<\/a>\n<span class=\"page-numbers dots\">&hellip;<\/span>\n<a class=\"page-numbers\" href=\"https:\/\/virginiapicocoach.com\/index.php?rest_route=%2Fwp%2Fv2%2Fpages%2F789&#038;paged=7\">7<\/a>\n<a class=\"page-numbers\" href=\"https:\/\/virginiapicocoach.com\/index.php?rest_route=%2Fwp%2Fv2%2Fpages%2F789&#038;paged=8\">8<\/a>\n<a class=\"page-numbers\" href=\"https:\/\/virginiapicocoach.com\/index.php?rest_route=%2Fwp%2Fv2%2Fpages%2F789&#038;paged=9\">9<\/a>\n<a class=\"page-numbers\" href=\"https:\/\/virginiapicocoach.com\/index.php?rest_route=%2Fwp%2Fv2%2Fpages%2F789&#038;paged=10\">10<\/a>\n<a class=\"next page-numbers\" href=\"https:\/\/virginiapicocoach.com\/index.php?rest_route=%2Fwp%2Fv2%2Fpages%2F789&#038;paged=2\">Siguiente \u00bb<\/a>\t\t\t\t\t<\/div>\n\t\t\t\t\t\t\t\t<\/div>\n\t\t\t","protected":false},"excerpt":{"rendered":"","protected":false},"author":2,"featured_media":0,"parent":0,"menu_order":0,"comment_status":"closed","ping_status":"closed","template":"","meta":{"_uag_custom_page_level_css":"","footnotes":""},"class_list":["post-789","page","type-page","status-publish","hentry"],"uagb_featured_image_src":{"full":false,"thumbnail":false,"medium":false,"medium_large":false,"large":false,"1536x1536":false,"2048x2048":false,"ashe-slider-full-thumbnail":false,"ashe-full-thumbnail":false,"ashe-list-thumbnail":false,"ashe-grid-thumbnail":false,"ashe-single-navigation":false},"uagb_author_info":{"display_name":"Virginia Pic\u00f3","author_link":"https:\/\/virginiapicocoach.com\/?author=2"},"uagb_comment_info":0,"uagb_excerpt":null,"_links":{"self":[{"href":"https:\/\/virginiapicocoach.com\/index.php?rest_route=\/wp\/v2\/pages\/789","targetHints":{"allow":["GET"]}}],"collection":[{"href":"https:\/\/virginiapicocoach.com\/index.php?rest_route=\/wp\/v2\/pages"}],"about":[{"href":"https:\/\/virginiapicocoach.com\/index.php?rest_route=\/wp\/v2\/types\/page"}],"author":[{"embeddable":true,"href":"https:\/\/virginiapicocoach.com\/index.php?rest_route=\/wp\/v2\/users\/2"}],"replies":[{"embeddable":true,"href":"https:\/\/virginiapicocoach.com\/index.php?rest_route=%2Fwp%2Fv2%2Fcomments&post=789"}],"version-history":[{"count":3,"href":"https:\/\/virginiapicocoach.com\/index.php?rest_route=\/wp\/v2\/pages\/789\/revisions"}],"predecessor-version":[{"id":799,"href":"https:\/\/virginiapicocoach.com\/index.php?rest_route=\/wp\/v2\/pages\/789\/revisions\/799"}],"wp:attachment":[{"href":"https:\/\/virginiapicocoach.com\/index.php?rest_route=%2Fwp%2Fv2%2Fmedia&parent=789"}],"curies":[{"name":"wp","href":"https:\/\/api.w.org\/{rel}","templated":true}]}}